{"id":1384,"date":"2015-09-30T13:07:58","date_gmt":"2015-09-30T11:07:58","guid":{"rendered":"https:\/\/www.trabucchitourguide.com\/?page_id=1384"},"modified":"2019-05-26T17:03:52","modified_gmt":"2019-05-26T15:03:52","slug":"elena-trabucchi","status":"publish","type":"page","link":"https:\/\/www.trabucchitourguide.com\/en\/elena-trabucchi\/","title":{"rendered":"About Me"},"content":{"rendered":"<p>[vc_row is_container=&#8221;yes&#8221; el_class=&#8221;margin_60&#8243;][vc_column][vc_row_inner][vc_column_inner][vc_column_text]<\/p>\n<div class=\"text-center\">\n<p><img decoding=\"async\" class=\"img-circle styled\" src=\"http:\/\/www.trabucchitourguide.com\/wp-content\/uploads\/2017\/10\/trabucchi-elena.png\" alt=\"\" \/><\/p>\n<h2><strong><em>\u00c9\u00a0<\/em>Turismo di Elena Trabucchi<\/strong> &#8211; <em>Tourist Guide for Bologna and Emilia Romagna. <\/em>.<\/h2>\n<p class=\"lead add_bottom_30\"><i><span lang=\"EN-US\">The journey is never over. Only travellers come to an end. But even then they can prolong their voyage in their memories, in recollections, in stories. When the traveller sat in the sand and declared: \u201cThere\u2019s nothing more to see,\u201d he knew it wasn\u2019t true. The end of one journey is simply the start of another. You have to go back to the footsteps already taken, to go over them again or add fresh ones alongside them. You have to start the journey anew. Always. The traveller sets out once more.<\/span><\/i><span lang=\"EN-US\">\u00a0\u00a0\u00a0 <\/span><br \/>\n<strong><span style=\"font-size: 10pt;\"><em>From Journey to Portugal &#8211; Jose Saramago<\/em><\/span><\/strong><\/p>\n<\/div>\n<p>[\/vc_column_text][\/vc_column_inner][\/vc_row_inner][vc_row_inner][vc_column_inner width=&#8221;2\/3&#8243;][vc_column_text]<\/p>\n<h3>Some brief information about me<\/h3>\n<p><span lang=\"EN-US\">I was born in Bologna and grew up in this beautiful city.<\/span><\/p>\n<p><span lang=\"EN-US\">Since I was a child I have enjoyed discovering the small villages and large cities of our country, fascinated by the stories that my dad told me, standing in front of palaces, frescoes and paintings, images that to my eyes seemed wonderful and surprising.<\/span><\/p>\n<p><span lang=\"EN-US\">The beauty of all these things has remained within me, as well as a passion for this area. I, therefore, chose, to study this subject in depth and graduated with honors in Conservation of Cultural Heritage from the University of Bologna.<\/span><\/p>\n<p><span lang=\"EN-US\">Following graduation, I started working with some important cultural groups and associations in Bologna, with the aim of highlighting the key cultural and artistic aspects of my town.<\/span><\/p>\n<p><span lang=\"EN-US\">I wanted to turn this passion into a professional one and so I qualified as a tourist guide for\u00a0<\/span><strong><span lang=\"EN-US\">Emilia Romagna<\/span><\/strong><span lang=\"EN-US\">.<\/span><\/p>\n<p><em><span lang=\"EN-US\">Now our <\/span><\/em><strong><i><span lang=\"EN-US\">journey together can begin<\/span><\/i><\/strong><em><span lang=\"EN-US\">&#8230; to discover places that are familiar to me, and whose secrets and poetry I want to reveal to you.<\/span><\/em>[\/vc_column_text][vc_column_text]<\/p>\n<h3>Tours available in various languages.<\/h3>\n<p><span lang=\"EN-US\">I am <\/span><strong><span lang=\"EN-US\">qualified\u00a0<\/span><\/strong><span lang=\"EN-US\">to offer guided tours in Italian and English.<\/span><\/p>\n<p><img decoding=\"async\" loading=\"lazy\" src=\"http:\/\/www.trabucchitourguide.com\/wp-content\/uploads\/2015\/09\/lang_en.png\" alt=\"\" width=\"40\" height=\"26\" data-retina=\"true\" \/><img decoding=\"async\" loading=\"lazy\" class=\"alignnone size-full wp-image-680\" src=\"http:\/\/www.trabucchitourguide.com\/wp-content\/uploads\/2015\/09\/lang_ita.png\" alt=\"\" width=\"40\" height=\"26\" \/>[\/vc_column_text][\/vc_column_inner][vc_column_inner width=&#8221;1\/3&#8243;][vc_column_text]<\/p>\n<h3><i class=\"\"><\/i>SLOW Guided tours<\/h3>\n<p><span lang=\"EN-US\">Those who choose to visit a city, a place or an exhibition are looking for \u00a0a fulfilling and relaxing experience, away from the daily frenzy that normally dictates our schedules and activities. We want to discover the history of the places and people who have made this country so interesting. <\/span><\/p>\n<p><span lang=\"EN-US\">Together, we will work out a timetable to create a pleasant and relaxing tour. Too often, the typical guided tour does not allow you the time or space to savour the emotion of what we have seen and experienced, but simply leaves you feeling totally exhausted.<\/span><\/p>\n<p><span lang=\"EN-US\">You can of course appreciate beauty by yourself, but it is one thing to look at places of beauty and another to truly \u2018experience\u2019 those places .. <strong>only those who know them can convey the emotion of the experience and the charm of a city or a country.<\/strong><\/span>[\/vc_column_text][\/vc_column_inner][\/vc_row_inner][vc_raw_html]JTNDYnIlM0UlMEElM0NhJTIwaHJlZiUzRCUyMmh0dHBzJTNBJTJGJTJGd3d3LnZpc2l0Ym9sb2duYS5ldSUyRmVuJTJGdGhpbmdzLXRvLWRvJTJGYm9sb2duYS10b3VycyUyRmUtdHVyaXNtby1kaS1lbGVuYS10cmFidWNjaGklMjIlMjB0YXJnZXQlM0QlMjJfYmxhbmslMjIlMjByZWwlM0QlMjJub29wZW5lciUyMiUzRSUwQSVDMyU4OSVDMiVBMHR1cmlzbW8lMjBjYW4lMjBhbHNvJTIwYmUlMjBmb3VuZCUyMG9uJTIwdGhlJTIwJUUyJTgwJTk4VmlzaXQlMjBCb2xvZ25hJUUyJTgwJTk5JTIwd2Vic2l0ZS4lMjAlMEElM0NiciUzRSUzQ2JyJTNFJTBBJTBBJTNDaW1nJTIwY2xhc3MlM0QlMjJzaXplLWZ1bGwlMjIlMjBzcmMlM0QlMjJodHRwJTNBJTJGJTJGd3d3LnRyYWJ1Y2NoaXRvdXJndWlkZS5jb20lMkZ3cC1jb250ZW50JTJGdXBsb2FkcyUyRjIwMTklMkYwMiUyRnZpc2l0Ym9sb2duYS5wbmclMjIlMjBhbHQlM0QlMjIlMjIlMjAlMkYlM0UlMEElM0MlMkZhJTNF[\/vc_raw_html][\/vc_column][\/vc_row][vc_row][vc_column][vc_column_text]<br \/>\n[\/vc_column_text][\/vc_column][\/vc_row][vc_row][vc_column][vc_column_text]<\/p>\n<div class=\"features-content\" style=\"text-align: center;\">\n<p><img decoding=\"async\" loading=\"lazy\" class=\"size-large wp-image-544 aligncenter\" src=\"http:\/\/www.trabucchitourguide.com\/wp-content\/uploads\/2015\/09\/elena-trabucchi-logo-516x470.jpg\" alt=\"\u00e8 Turismo Logo\" width=\"516\" height=\"470\" srcset=\"https:\/\/www.trabucchitourguide.com\/wp-content\/uploads\/2015\/09\/elena-trabucchi-logo-516x470.jpg 516w, https:\/\/www.trabucchitourguide.com\/wp-content\/uploads\/2015\/09\/elena-trabucchi-logo-658x600.jpg 658w, https:\/\/www.trabucchitourguide.com\/wp-content\/uploads\/2015\/09\/elena-trabucchi-logo-768x700.jpg 768w, https:\/\/www.trabucchitourguide.com\/wp-content\/uploads\/2015\/09\/elena-trabucchi-logo.jpg 1506w\" sizes=\"(max-width: 516px) 100vw, 516px\" \/><\/p>\n<h3>&#8220;\u00e8 Turismo di Elena Trabucchi&#8221;<\/h3>\n<p><em>The magic of discovering and experiencing places.<\/em><\/p>\n<p>Many visitors ask me about my logo &#8211; \u2018Why Mary Poppins?. \u2019 Well, I was inspired by the image of Mary Poppins, the most famous nanny, because what I want to convey is that hint of magic, lightness and joy that the figure of Mary evokes.<\/p>\n<p>Remember Mary Poppins&#8217; bag? The suitcase is a symbol of a journey, but Mary&#8217;s suitcase offers something more&#8230; unexpectedly, almost by magic, objects endlessly appear from her bag. In the same way I know that Bologna presents its visitors with unexpected things, places, objects <span lang=\"EN-US\">and stories that never end.<br \/>\n<\/span><br \/>\nAnd then &#8230; looking at Mary Poppins&#8217; talking umbrella also made me think of me of what we guides sometimes use as a symbol that all the group can recognize.<\/p>\n<p>This is why it is Mary Poppins, who hovers gracefully in the logo in front of an ideal skyline that links some of the main monuments of Emilia Romagna.<\/p>\n<p><strong>Let the journey begin&#8230;<\/strong><\/p>\n<p><a class=\" btn_1 white\" href=\"http:\/\/www.trabucchitourguide.com\/visite-guidate\/\">Discover your next destination<\/a><\/p>\n<\/div>\n<p>[\/vc_column_text][vc_column_text]<br \/>\n[\/vc_column_text][\/vc_column][\/vc_row][vc_row is_container=&#8221;yes&#8221; el_class=&#8221;margin_top_60&#8243;][vc_column][vc_column_text]<\/p>\n<div class=\"main_title\">\n<h2>Reviews of those who travelled with me<\/h2>\n<p>Write to <a href=\"mailto:visite@trabucchitourguide.com\">info@trabucchitourguide.com<\/a> and tell me about your experience.<\/p>\n<\/div>\n<p>[\/vc_column_text][\/vc_column][\/vc_row][vc_row is_container=&#8221;yes&#8221; el_class=&#8221;margin_bottom_60&#8243;][vc_column offset=&#8221;vc_col-md-6&#8243;]<div class=\"review_strip\"><img src=\"http:\/\/www.trabucchitourguide.com\/wp-content\/uploads\/2017\/10\/Lucia-Maurizi2.jpg\" alt=\"\" class=\"img-circle\"><h4>Lucia Maurizi<\/h4><em>Ho il piacere di conoscere Elena da tempo. \u00c8 una guida pi\u00f9 che preparata, appassionata e puntuale. Bologna \u00e8 da vedere con gli occhi di chi la sa interpretare, capire e conoscere. Una visita con lei \u00e8 un piccolo viaggio attraverso il tempo.<\/em><div class=\"rating\"><i class=\"icon-star voted\"><\/i><i class=\"icon-star voted\"><\/i><i class=\"icon-star voted\"><\/i><i class=\"icon-star voted\"><\/i><i class=\"icon-star voted\"><\/i><\/div><\/div><!-- End review strip --><div class=\"review_strip\"><img src=\"http:\/\/www.trabucchitourguide.com\/\/wp-content\/uploads\/2017\/11\/mauro-maffei.jpg\" alt=\"\" class=\"img-circle\"><h4>Mauro Maffei<\/h4><em>La competenza della dott.ssa Trabucchi \u00e8 certificata dai titoli ed ancor meglio \u00e8 l\u2019entusiasmo: sconfinato e soprattutto contagioso. Secondo me, vive di pane e arte.<\/em><div class=\"rating\"><i class=\"icon-star voted\"><\/i><i class=\"icon-star voted\"><\/i><i class=\"icon-star voted\"><\/i><i class=\"icon-star voted\"><\/i><i class=\"icon-star voted\"><\/i><\/div><\/div><!-- End review strip --><div class=\"review_strip\"><img src=\"http:\/\/www.trabucchitourguide.com\/wp-content\/uploads\/2017\/11\/mariangela-bortolucci.jpg\" alt=\"\" class=\"img-circle\"><h4>Mariangela Bortolucci<\/h4><i>Con Elena ho fatto alcune visite guidate di Bologna, la mia citt\u00e0. Grazie a lei, ho visto luoghi che vedo da sempre sotto una luce completamente nuova e ho conosciuto la loro storia e i diversi aneddoti. Complimenti Elena, sei veramente brava! <\/i><div class=\"rating\"><i class=\"icon-star voted\"><\/i><i class=\"icon-star voted\"><\/i><i class=\"icon-star voted\"><\/i><i class=\"icon-star voted\"><\/i><i class=\"icon-star voted\"><\/i><\/div><\/div><!-- End review strip -->[\/vc_column][vc_column offset=&#8221;vc_col-md-6&#8243;]<div class=\"review_strip\"><img src=\"http:\/\/www.soaptheme.net\/wordpress\/citytours\/wp-content\/uploads\/2015\/11\/avatar2.jpg\" alt=\"\" class=\"img-circle\"><h4>Franco Magli<\/h4><em>Viaggiando con un&#8217;agenzia viaggi convenzionata con \u00e8 Turismo ho incontrato Elena. Bravissima! Grazie di tutto! ci rivediamo a breve a Bologna!<\/em><\/p>\n<div class=\"rating\"><i class=\"icon-star voted\"><\/i><i class=\"icon-star voted\"><\/i><i class=\"icon-star voted\"><\/i><i class=\"icon-star voted\"><\/i><i class=\"icon-star-empty\"><\/i><\/div><\/div><!-- End review strip --><div class=\"review_strip\"><img src=\"http:\/\/www.trabucchitourguide.com\/\/wp-content\/uploads\/2017\/11\/stefano-mingoia.jpg\" alt=\"\" class=\"img-circle\"><h4>Stefano Mingoia<\/h4><em>Ho visitato il Museo Archeologico Egizio di Bologna (uno fra i primi in Europa, bellissimi i reperti della tomba di Horemeb&#8230;andateci!!!) con delle mie amiche e con Elena come guida turistica di Bologna della giornata.<\/em><\/p>\n<p><em>La sua preparazione \u00e8 stupefacente, l&#8217;eloquio \u00e8 sobrio ed avvincente e ci ha inchiodati alle storie di mummie, steli, statue e reperti senza che si avvertisse nemmeno un momento di noia.<\/em><\/p>\n<p><em>Un intero pomeriggio passato con una persona che ti trasmette la sua passione per la storia e l&#8217;arte, senza dimenticare di raccontare le vicende quotidiane degli egizi.<\/em><\/p>\n<p><em>Le mie amiche erano entusiaste, felici di aver fatto una simile esperienza.<\/em><\/p>\n<p><em>UN SUCCESSO!\u00a0Continua cos\u00ec!!!<\/em><div class=\"rating\"><i class=\"icon-star voted\"><\/i><i class=\"icon-star voted\"><\/i><i class=\"icon-star voted\"><\/i><i class=\"icon-star voted\"><\/i><i class=\"icon-star voted\"><\/i><\/div><\/div><!-- End review strip -->[\/vc_column][\/vc_row]<\/p>\n","protected":false},"excerpt":{"rendered":"<p>[vc_row is_container=&#8221;yes&#8221; el_class=&#8221;margin_60&#8243;][vc_column][vc_row_inner][vc_column_inner][vc_column_text] \u00c9\u00a0Turismo di Elena Trabucchi &#8211; Tourist Guide for Bologna and Emilia Romagna. . The journey is never over. Only travellers come to an end. But even then they can prolong their voyage in their memories, in recollections, in stories. When the traveller sat in the sand and declared: \u201cThere\u2019s nothing more to [&hellip;]<\/p>\n","protected":false},"author":1,"featured_media":0,"parent":0,"menu_order":0,"comment_status":"closed","ping_status":"closed","template":"templates\/template-full-width.php","meta":[],"yoast_head":"<!-- This site is optimized with the Yoast SEO plugin v20.8 - https:\/\/yoast.com\/wordpress\/plugins\/seo\/ -->\n<title>About Me | \u00c9 Turismo di Elena Trabucchi | Bologna Tour Guide - Guida turistica Bologna<\/title>\n<meta name=\"robots\" content=\"index, follow, max-snippet:-1, max-image-preview:large, max-video-preview:-1\" \/>\n<link rel=\"canonical\" href=\"https:\/\/www.trabucchitourguide.com\/en\/elena-trabucchi\/\" \/>\n<meta property=\"og:locale\" content=\"en_US\" \/>\n<meta property=\"og:type\" content=\"article\" \/>\n<meta property=\"og:title\" content=\"About Me | \u00c9 Turismo di Elena Trabucchi | Bologna Tour Guide - Guida turistica Bologna\" \/>\n<meta property=\"og:description\" content=\"[vc_row is_container=&#8221;yes&#8221; el_class=&#8221;margin_60&#8243;][vc_column][vc_row_inner][vc_column_inner][vc_column_text] \u00c9\u00a0Turismo di Elena Trabucchi &#8211; Tourist Guide for Bologna and Emilia Romagna. . The journey is never over. Only travellers come to an end. But even then they can prolong their voyage in their memories, in recollections, in stories. When the traveller sat in the sand and declared: \u201cThere\u2019s nothing more to [&hellip;]\" \/>\n<meta property=\"og:url\" content=\"https:\/\/www.trabucchitourguide.com\/en\/elena-trabucchi\/\" \/>\n<meta property=\"og:site_name\" content=\"\u00c9 Turismo di Elena Trabucchi | Bologna Tour Guide - Guida turistica Bologna\" \/>\n<meta property=\"article:publisher\" content=\"https:\/\/www.facebook.com\/eturismoelenatrabucchi\/\" \/>\n<meta property=\"article:modified_time\" content=\"2019-05-26T15:03:52+00:00\" \/>\n<meta property=\"og:image\" content=\"http:\/\/www.trabucchitourguide.com\/wp-content\/uploads\/2017\/10\/trabucchi-elena.png\" \/>\n<meta name=\"twitter:card\" content=\"summary_large_image\" \/>\n<script type=\"application\/ld+json\" class=\"yoast-schema-graph\">{\"@context\":\"https:\/\/schema.org\",\"@graph\":[{\"@type\":\"WebPage\",\"@id\":\"https:\/\/www.trabucchitourguide.com\/en\/elena-trabucchi\/\",\"url\":\"https:\/\/www.trabucchitourguide.com\/en\/elena-trabucchi\/\",\"name\":\"About Me | \u00c9 Turismo di Elena Trabucchi | Bologna Tour Guide - Guida turistica Bologna\",\"isPartOf\":{\"@id\":\"https:\/\/www.trabucchitourguide.com\/#website\"},\"datePublished\":\"2015-09-30T11:07:58+00:00\",\"dateModified\":\"2019-05-26T15:03:52+00:00\",\"breadcrumb\":{\"@id\":\"https:\/\/www.trabucchitourguide.com\/en\/elena-trabucchi\/#breadcrumb\"},\"inLanguage\":\"en-US\",\"potentialAction\":[{\"@type\":\"ReadAction\",\"target\":[\"https:\/\/www.trabucchitourguide.com\/en\/elena-trabucchi\/\"]}]},{\"@type\":\"BreadcrumbList\",\"@id\":\"https:\/\/www.trabucchitourguide.com\/en\/elena-trabucchi\/#breadcrumb\",\"itemListElement\":[{\"@type\":\"ListItem\",\"position\":1,\"name\":\"Home\",\"item\":\"https:\/\/www.trabucchitourguide.com\/en\/\"},{\"@type\":\"ListItem\",\"position\":2,\"name\":\"About Me\"}]},{\"@type\":\"WebSite\",\"@id\":\"https:\/\/www.trabucchitourguide.com\/#website\",\"url\":\"https:\/\/www.trabucchitourguide.com\/\",\"name\":\"\u00c9 Turismo di Elena Trabucchi | Bologna Tour Guide - Guida turistica Bologna\",\"description\":\"Guida Turistica di Bologna e dell&#039;Emilia Romagna.\",\"publisher\":{\"@id\":\"https:\/\/www.trabucchitourguide.com\/#organization\"},\"alternateName\":\"Trabucchi Guida turistica Bologna\",\"potentialAction\":[{\"@type\":\"SearchAction\",\"target\":{\"@type\":\"EntryPoint\",\"urlTemplate\":\"https:\/\/www.trabucchitourguide.com\/?s={search_term_string}\"},\"query-input\":\"required name=search_term_string\"}],\"inLanguage\":\"en-US\"},{\"@type\":\"Organization\",\"@id\":\"https:\/\/www.trabucchitourguide.com\/#organization\",\"name\":\"\u00c8 Turismo Di Elena Trabucchi \u2013 Guida Turistica A Bologna Ed Emilia Romagna\",\"alternateName\":\"Trabucchi Tour Guide Bologna Emilia Romagna\",\"url\":\"https:\/\/www.trabucchitourguide.com\/\",\"logo\":{\"@type\":\"ImageObject\",\"inLanguage\":\"en-US\",\"@id\":\"https:\/\/www.trabucchitourguide.com\/#\/schema\/logo\/image\/\",\"url\":\"https:\/\/www.trabucchitourguide.com\/wp-content\/uploads\/2017\/10\/elena-trabucchi-logo-web.png\",\"contentUrl\":\"https:\/\/www.trabucchitourguide.com\/wp-content\/uploads\/2017\/10\/elena-trabucchi-logo-web.png\",\"width\":607,\"height\":285,\"caption\":\"\u00c8 Turismo Di Elena Trabucchi \u2013 Guida Turistica A Bologna Ed Emilia Romagna\"},\"image\":{\"@id\":\"https:\/\/www.trabucchitourguide.com\/#\/schema\/logo\/image\/\"},\"sameAs\":[\"https:\/\/www.facebook.com\/eturismoelenatrabucchi\/\",\"https:\/\/www.youtube.com\/channel\/UC-XBUhBWBw-zw5Rw8s5GW1A\/videos\",\"https:\/\/www.linkedin.com\/in\/elena-trabucchi-a028242a\/\"]}]}<\/script>\n<!-- \/ Yoast SEO plugin. -->","yoast_head_json":{"title":"About Me | \u00c9 Turismo di Elena Trabucchi | Bologna Tour Guide - Guida turistica Bologna","robots":{"index":"index","follow":"follow","max-snippet":"max-snippet:-1","max-image-preview":"max-image-preview:large","max-video-preview":"max-video-preview:-1"},"canonical":"https:\/\/www.trabucchitourguide.com\/en\/elena-trabucchi\/","og_locale":"en_US","og_type":"article","og_title":"About Me | \u00c9 Turismo di Elena Trabucchi | Bologna Tour Guide - Guida turistica Bologna","og_description":"[vc_row is_container=&#8221;yes&#8221; el_class=&#8221;margin_60&#8243;][vc_column][vc_row_inner][vc_column_inner][vc_column_text] \u00c9\u00a0Turismo di Elena Trabucchi &#8211; Tourist Guide for Bologna and Emilia Romagna. . The journey is never over. Only travellers come to an end. But even then they can prolong their voyage in their memories, in recollections, in stories. When the traveller sat in the sand and declared: \u201cThere\u2019s nothing more to [&hellip;]","og_url":"https:\/\/www.trabucchitourguide.com\/en\/elena-trabucchi\/","og_site_name":"\u00c9 Turismo di Elena Trabucchi | Bologna Tour Guide - Guida turistica Bologna","article_publisher":"https:\/\/www.facebook.com\/eturismoelenatrabucchi\/","article_modified_time":"2019-05-26T15:03:52+00:00","og_image":[{"url":"http:\/\/www.trabucchitourguide.com\/wp-content\/uploads\/2017\/10\/trabucchi-elena.png"}],"twitter_card":"summary_large_image","schema":{"@context":"https:\/\/schema.org","@graph":[{"@type":"WebPage","@id":"https:\/\/www.trabucchitourguide.com\/en\/elena-trabucchi\/","url":"https:\/\/www.trabucchitourguide.com\/en\/elena-trabucchi\/","name":"About Me | \u00c9 Turismo di Elena Trabucchi | Bologna Tour Guide - Guida turistica Bologna","isPartOf":{"@id":"https:\/\/www.trabucchitourguide.com\/#website"},"datePublished":"2015-09-30T11:07:58+00:00","dateModified":"2019-05-26T15:03:52+00:00","breadcrumb":{"@id":"https:\/\/www.trabucchitourguide.com\/en\/elena-trabucchi\/#breadcrumb"},"inLanguage":"en-US","potentialAction":[{"@type":"ReadAction","target":["https:\/\/www.trabucchitourguide.com\/en\/elena-trabucchi\/"]}]},{"@type":"BreadcrumbList","@id":"https:\/\/www.trabucchitourguide.com\/en\/elena-trabucchi\/#breadcrumb","itemListElement":[{"@type":"ListItem","position":1,"name":"Home","item":"https:\/\/www.trabucchitourguide.com\/en\/"},{"@type":"ListItem","position":2,"name":"About Me"}]},{"@type":"WebSite","@id":"https:\/\/www.trabucchitourguide.com\/#website","url":"https:\/\/www.trabucchitourguide.com\/","name":"\u00c9 Turismo di Elena Trabucchi | Bologna Tour Guide - Guida turistica Bologna","description":"Guida Turistica di Bologna e dell&#039;Emilia Romagna.","publisher":{"@id":"https:\/\/www.trabucchitourguide.com\/#organization"},"alternateName":"Trabucchi Guida turistica Bologna","potentialAction":[{"@type":"SearchAction","target":{"@type":"EntryPoint","urlTemplate":"https:\/\/www.trabucchitourguide.com\/?s={search_term_string}"},"query-input":"required name=search_term_string"}],"inLanguage":"en-US"},{"@type":"Organization","@id":"https:\/\/www.trabucchitourguide.com\/#organization","name":"\u00c8 Turismo Di Elena Trabucchi \u2013 Guida Turistica A Bologna Ed Emilia Romagna","alternateName":"Trabucchi Tour Guide Bologna Emilia Romagna","url":"https:\/\/www.trabucchitourguide.com\/","logo":{"@type":"ImageObject","inLanguage":"en-US","@id":"https:\/\/www.trabucchitourguide.com\/#\/schema\/logo\/image\/","url":"https:\/\/www.trabucchitourguide.com\/wp-content\/uploads\/2017\/10\/elena-trabucchi-logo-web.png","contentUrl":"https:\/\/www.trabucchitourguide.com\/wp-content\/uploads\/2017\/10\/elena-trabucchi-logo-web.png","width":607,"height":285,"caption":"\u00c8 Turismo Di Elena Trabucchi \u2013 Guida Turistica A Bologna Ed Emilia Romagna"},"image":{"@id":"https:\/\/www.trabucchitourguide.com\/#\/schema\/logo\/image\/"},"sameAs":["https:\/\/www.facebook.com\/eturismoelenatrabucchi\/","https:\/\/www.youtube.com\/channel\/UC-XBUhBWBw-zw5Rw8s5GW1A\/videos","https:\/\/www.linkedin.com\/in\/elena-trabucchi-a028242a\/"]}]}},"_links":{"self":[{"href":"https:\/\/www.trabucchitourguide.com\/en\/wp-json\/wp\/v2\/pages\/1384"}],"collection":[{"href":"https:\/\/www.trabucchitourguide.com\/en\/wp-json\/wp\/v2\/pages"}],"about":[{"href":"https:\/\/www.trabucchitourguide.com\/en\/wp-json\/wp\/v2\/types\/page"}],"author":[{"embeddable":true,"href":"https:\/\/www.trabucchitourguide.com\/en\/wp-json\/wp\/v2\/users\/1"}],"replies":[{"embeddable":true,"href":"https:\/\/www.trabucchitourguide.com\/en\/wp-json\/wp\/v2\/comments?post=1384"}],"version-history":[{"count":10,"href":"https:\/\/www.trabucchitourguide.com\/en\/wp-json\/wp\/v2\/pages\/1384\/revisions"}],"predecessor-version":[{"id":1396,"href":"https:\/\/www.trabucchitourguide.com\/en\/wp-json\/wp\/v2\/pages\/1384\/revisions\/1396"}],"wp:attachment":[{"href":"https:\/\/www.trabucchitourguide.com\/en\/wp-json\/wp\/v2\/media?parent=1384"}],"curies":[{"name":"wp","href":"https:\/\/api.w.org\/{rel}","templated":true}]}}